{"id":2588,"date":"2024-11-25T11:34:40","date_gmt":"2024-11-25T10:34:40","guid":{"rendered":"https:\/\/spielkunst-ev.de\/wp\/?page_id=2588"},"modified":"2025-06-02T00:24:54","modified_gmt":"2025-06-01T22:24:54","slug":"start","status":"publish","type":"page","link":"https:\/\/spielkunst-ev.de\/wp\/","title":{"rendered":"Start"},"content":{"rendered":"\t\t<div data-elementor-type=\"wp-page\" data-elementor-id=\"2588\" class=\"elementor elementor-2588\">\n\t\t\t\t\t\t<section class=\"elementor-section elementor-top-section elementor-element elementor-element-75bf233 elementor-section-boxed elementor-section-height-default elementor-section-height-default\" data-id=\"75bf233\" data-element_type=\"section\">\n\t\t\t\t\t\t<div class=\"elementor-container elementor-column-gap-default\">\n\t\t\t\t\t<div class=\"elementor-column elementor-col-100 elementor-top-column elementor-element elementor-element-e4c5c2c\" data-id=\"e4c5c2c\" data-element_type=\"column\">\n\t\t\t<div class=\"elementor-widget-wrap elementor-element-populated\">\n\t\t\t\t\t\t<div class=\"elementor-element elementor-element-a79057d elementor-invisible elementor-widget elementor-widget-image\" data-id=\"a79057d\" data-element_type=\"widget\" data-settings=\"{&quot;_animation&quot;:&quot;fadeInUp&quot;}\" data-widget_type=\"image.default\">\n\t\t\t\t<div class=\"elementor-widget-container\">\n\t\t\t\t\t\t\t\t\t\t\t\t\t\t\t<img fetchpriority=\"high\" decoding=\"async\" width=\"768\" height=\"116\" src=\"https:\/\/spielkunst-ev.de\/wp\/wp-content\/uploads\/2017\/09\/cropped-Logo_WEB_ORIGINAL-1-768x116.png\" class=\"attachment-medium_large size-medium_large wp-image-2372\" alt=\"\" srcset=\"https:\/\/spielkunst-ev.de\/wp\/wp-content\/uploads\/2017\/09\/cropped-Logo_WEB_ORIGINAL-1-768x116.png 768w, https:\/\/spielkunst-ev.de\/wp\/wp-content\/uploads\/2017\/09\/cropped-Logo_WEB_ORIGINAL-1-300x45.png 300w, https:\/\/spielkunst-ev.de\/wp\/wp-content\/uploads\/2017\/09\/cropped-Logo_WEB_ORIGINAL-1-1024x155.png 1024w\" sizes=\"(max-width: 768px) 100vw, 768px\" \/>\t\t\t\t\t\t\t\t\t\t\t\t\t\t\t<\/div>\n\t\t\t\t<\/div>\n\t\t\t\t\t<\/div>\n\t\t<\/div>\n\t\t\t\t\t<\/div>\n\t\t<\/section>\n\t\t\t\t<section class=\"elementor-section elementor-top-section elementor-element elementor-element-26d4869 elementor-section-boxed elementor-section-height-default elementor-section-height-default\" data-id=\"26d4869\" data-element_type=\"section\">\n\t\t\t\t\t\t<div class=\"elementor-container elementor-column-gap-default\">\n\t\t\t\t\t<div class=\"elementor-column elementor-col-100 elementor-top-column elementor-element elementor-element-51f4399\" data-id=\"51f4399\" data-element_type=\"column\">\n\t\t\t<div class=\"elementor-widget-wrap elementor-element-populated\">\n\t\t\t\t\t\t<div class=\"elementor-element elementor-element-46a2021 elementor-widget elementor-widget-text-editor\" data-id=\"46a2021\" data-element_type=\"widget\" data-settings=\"{&quot;_animation_mobile&quot;:&quot;fadeInUp&quot;}\" data-widget_type=\"text-editor.default\">\n\t\t\t\t<div class=\"elementor-widget-container\">\n\t\t\t\t\t\t\t\t\t<h2>Dein Verein f\u00fcr Tabletop, Brettspiele &amp; Pen &amp; Paper RPGs im Ruhrgebiet.<\/h2>\t\t\t\t\t\t\t\t<\/div>\n\t\t\t\t<\/div>\n\t\t\t\t<div class=\"elementor-element elementor-element-9a551bf elementor-align-center elementor-widget elementor-widget-button\" data-id=\"9a551bf\" data-element_type=\"widget\" data-settings=\"{&quot;_animation_mobile&quot;:&quot;fadeInUp&quot;}\" data-widget_type=\"button.default\">\n\t\t\t\t<div class=\"elementor-widget-container\">\n\t\t\t\t\t\t\t\t\t<div class=\"elementor-button-wrapper\">\n\t\t\t\t\t<a class=\"elementor-button elementor-button-link elementor-size-sm\" href=\"#kontakt\">\n\t\t\t\t\t\t<span class=\"elementor-button-content-wrapper\">\n\t\t\t\t\t\t<span class=\"elementor-button-icon\">\n\t\t\t\t<i aria-hidden=\"true\" class=\"far fa-comments\"><\/i>\t\t\t<\/span>\n\t\t\t\t\t\t\t\t\t<span class=\"elementor-button-text\">Kontakt aufnehmen!<\/span>\n\t\t\t\t\t<\/span>\n\t\t\t\t\t<\/a>\n\t\t\t\t<\/div>\n\t\t\t\t\t\t\t\t<\/div>\n\t\t\t\t<\/div>\n\t\t\t\t<div class=\"elementor-element elementor-element-21a8b2b elementor-widget elementor-widget-heading\" data-id=\"21a8b2b\" data-element_type=\"widget\" data-settings=\"{&quot;_animation_mobile&quot;:&quot;fadeInUp&quot;}\" data-widget_type=\"heading.default\">\n\t\t\t\t<div class=\"elementor-widget-container\">\n\t\t\t\t\t<h2 class=\"elementor-heading-title elementor-size-default\">Unsere Events<\/h2>\t\t\t\t<\/div>\n\t\t\t\t<\/div>\n\t\t\t\t<div class=\"elementor-element elementor-element-8ffcd0a elementor-widget elementor-widget-text-editor\" data-id=\"8ffcd0a\" data-element_type=\"widget\" data-settings=\"{&quot;_animation_mobile&quot;:&quot;fadeInUp&quot;}\" data-widget_type=\"text-editor.default\">\n\t\t\t\t<div class=\"elementor-widget-container\">\n\t\t\t\t\t\t\t\t\t<h2>FRIDAY-NIGHT<\/h2><p>Freitags wird alles gespielt, worauf du Lust hast. Verabrede dich f\u00fcr eine kurze Runde Munchkin, einen epischen Dungeoncrawl bei Descent oder doch nur rumh\u00e4ngen und \u00fcber Nerdkram austauschen? Alles ist m\u00f6glich, einfach reinschauen!<\/p><h2>STAR WARS DAY<\/h2><p>Ob helle oder dunkle Seite der Macht. An diesem Tag steht alles im Zeichen von Blastern und Lichtschwertern.<\/p><h2>WARHAMMER DAY<\/h2><p>Chaos, Xenos oder im Namen des Imperators? An diesem Tag wird alles gespielt, was das Warhammer-Universum zu bieten hat.<\/p><h2>STAR TREK &#8211; ATTACK WING<\/h2><p>Egal ob Kommandant der F\u00f6deration, des klingonischen Reiches oder des romulanischen Imperiums &#8211; nur eine Flotte wird siegen.<\/p>\t\t\t\t\t\t\t\t<\/div>\n\t\t\t\t<\/div>\n\t\t\t\t<div class=\"elementor-element elementor-element-bb27e50 elementor-widget elementor-widget-heading\" data-id=\"bb27e50\" data-element_type=\"widget\" data-settings=\"{&quot;_animation_mobile&quot;:&quot;fadeInUp&quot;}\" data-widget_type=\"heading.default\">\n\t\t\t\t<div class=\"elementor-widget-container\">\n\t\t\t\t\t<h2 class=\"elementor-heading-title elementor-size-default\">Vorteil deiner Mitgliedschaft<\/h2>\t\t\t\t<\/div>\n\t\t\t\t<\/div>\n\t\t\t\t<div class=\"elementor-element elementor-element-f70917a elementor-widget elementor-widget-text-editor\" data-id=\"f70917a\" data-element_type=\"widget\" data-settings=\"{&quot;_animation_mobile&quot;:&quot;fadeInUp&quot;}\" data-widget_type=\"text-editor.default\">\n\t\t\t\t<div class=\"elementor-widget-container\">\n\t\t\t\t\t\t\t\t\t<h2>24\/7 ZUGANG<\/h2><p>Du hast einen eigenen Schl\u00fcssel und kannst jederzeit ins Vereinsheim um zu spielen. Nat\u00fcrlich gibt es einen Kalender in dem feste und\/oder wiederkehrende Veranstaltungen anderer Gruppen zu sehen sind.<\/p><h2>TISCHE<\/h2><p>Ob du ein kleines Magic: The Gatherin Duell spielen willst oder eine historische Schlacht von epischem Ausma\u00df mit hunderten Miniaturen &#8211; es stehen genug Tische zur freien Verf\u00fcgung.<\/p><h2>GEL\u00c4NDE<\/h2><p>Von Historisch bis Sci-Fi &#8211; Wir haben eine gro\u00dfe Auswahl an Gel\u00e4nde in allen g\u00e4ngigen Ma\u00dfst\u00e4ben das f\u00fcr alle Mitglieder zu freien Verf\u00fcgung steht.<\/p>\t\t\t\t\t\t\t\t<\/div>\n\t\t\t\t<\/div>\n\t\t\t\t<div class=\"elementor-element elementor-element-32fd142 elementor-widget elementor-widget-heading\" data-id=\"32fd142\" data-element_type=\"widget\" id=\"kontakt\" data-settings=\"{&quot;_animation_mobile&quot;:&quot;fadeInUp&quot;}\" data-widget_type=\"heading.default\">\n\t\t\t\t<div class=\"elementor-widget-container\">\n\t\t\t\t\t<h2 class=\"elementor-heading-title elementor-size-default\">Kontakt<\/h2>\t\t\t\t<\/div>\n\t\t\t\t<\/div>\n\t\t\t\t\t<\/div>\n\t\t<\/div>\n\t\t\t\t\t<\/div>\n\t\t<\/section>\n\t\t\t\t<section class=\"elementor-section elementor-top-section elementor-element elementor-element-1d22265 elementor-section-boxed elementor-section-height-default elementor-section-height-default\" data-id=\"1d22265\" data-element_type=\"section\">\n\t\t\t\t\t\t<div class=\"elementor-container elementor-column-gap-default\">\n\t\t\t\t\t<div class=\"elementor-column elementor-col-100 elementor-top-column elementor-element elementor-element-0cbc4e2\" data-id=\"0cbc4e2\" data-element_type=\"column\">\n\t\t\t<div class=\"elementor-widget-wrap elementor-element-populated\">\n\t\t\t\t\t\t<div class=\"elementor-element elementor-element-2bd9748 elementor-widget elementor-widget-text-editor\" data-id=\"2bd9748\" data-element_type=\"widget\" data-settings=\"{&quot;_animation_mobile&quot;:&quot;fadeInUp&quot;}\" data-widget_type=\"text-editor.default\">\n\t\t\t\t<div class=\"elementor-widget-container\">\n\t\t\t\t\t\t\t\t\t<h2>DISCORD<br \/><span style=\"color: #7a7a7a; font-size: 14px;\">Die einfachste Art schnell und direkt mit uns in Kontakt zu kommen.\u00a0<\/span><\/h2>\t\t\t\t\t\t\t\t<\/div>\n\t\t\t\t<\/div>\n\t\t\t\t<div class=\"elementor-element elementor-element-096e821 elementor-shape-rounded elementor-grid-0 e-grid-align-center elementor-widget elementor-widget-social-icons\" data-id=\"096e821\" data-element_type=\"widget\" data-settings=\"{&quot;_animation_mobile&quot;:&quot;fadeInUp&quot;}\" data-widget_type=\"social-icons.default\">\n\t\t\t\t<div class=\"elementor-widget-container\">\n\t\t\t\t\t\t\t<div class=\"elementor-social-icons-wrapper elementor-grid\">\n\t\t\t\t\t\t\t<span class=\"elementor-grid-item\">\n\t\t\t\t\t<a class=\"elementor-icon elementor-social-icon elementor-social-icon-discord elementor-repeater-item-a2041f5\" target=\"_blank\">\n\t\t\t\t\t\t<span class=\"elementor-screen-only\">Discord<\/span>\n\t\t\t\t\t\t<i class=\"fab fa-discord\"><\/i>\t\t\t\t\t<\/a>\n\t\t\t\t<\/span>\n\t\t\t\t\t<\/div>\n\t\t\t\t\t\t<\/div>\n\t\t\t\t<\/div>\n\t\t\t\t<div class=\"elementor-element elementor-element-7129251 elementor-widget elementor-widget-text-editor\" data-id=\"7129251\" data-element_type=\"widget\" data-settings=\"{&quot;_animation_mobile&quot;:&quot;fadeInUp&quot;}\" data-widget_type=\"text-editor.default\">\n\t\t\t\t<div class=\"elementor-widget-container\">\n\t\t\t\t\t\t\t\t\t<h2>KONTAKTFORMULAR<br \/><span style=\"color: #7a7a7a; font-size: 14px;\">Einfach das Kontaktformular ausf\u00fcllen. Wir melden uns so schnell wie m\u00f6glich bei dir.<\/span><\/h2>\t\t\t\t\t\t\t\t<\/div>\n\t\t\t\t<\/div>\n\t\t\t\t<div class=\"elementor-element elementor-element-730b529 elementor-widget elementor-widget-text-editor\" data-id=\"730b529\" data-element_type=\"widget\" data-settings=\"{&quot;_animation_mobile&quot;:&quot;fadeInUp&quot;}\" data-widget_type=\"text-editor.default\">\n\t\t\t\t<div class=\"elementor-widget-container\">\n\t\t\t\t\t\t\t\t\t\n<div class=\"wpcf7 no-js\" id=\"wpcf7-f2488-o1\" lang=\"de-DE\" dir=\"ltr\" data-wpcf7-id=\"2488\">\n<div class=\"screen-reader-response\"><p role=\"status\" aria-live=\"polite\" aria-atomic=\"true\"><\/p> <ul><\/ul><\/div>\n<form action=\"\/wp\/index.php?rest_route=%2Fwp%2Fv2%2Fpages%2F2588#wpcf7-f2488-o1\" method=\"post\" class=\"wpcf7-form init\" aria-label=\"Kontaktformular\" novalidate=\"novalidate\" data-status=\"init\">\n<div style=\"display: none;\">\n<input type=\"hidden\" name=\"_wpcf7\" value=\"2488\" \/>\n<input type=\"hidden\" name=\"_wpcf7_version\" value=\"6.0.6\" \/>\n<input type=\"hidden\" name=\"_wpcf7_locale\" value=\"de_DE\" \/>\n<input type=\"hidden\" name=\"_wpcf7_unit_tag\" value=\"wpcf7-f2488-o1\" \/>\n<input type=\"hidden\" name=\"_wpcf7_container_post\" value=\"0\" \/>\n<input type=\"hidden\" name=\"_wpcf7_posted_data_hash\" value=\"\" \/>\n<\/div>\n<p><label> Dein Name (Pflichtfeld)<br \/>\n<span class=\"wpcf7-form-control-wrap\" data-name=\"your-name\"><input size=\"40\" maxlength=\"400\" class=\"wpcf7-form-control wpcf7-text wpcf7-validates-as-required\" aria-required=\"true\" aria-invalid=\"false\" value=\"\" type=\"text\" name=\"your-name\" \/><\/span> <\/label>\n<\/p>\n<p><label> Deine E-Mail-Adresse (Pflichtfeld)<br \/>\n<span class=\"wpcf7-form-control-wrap\" data-name=\"your-email\"><input size=\"40\" maxlength=\"400\" class=\"wpcf7-form-control wpcf7-email wpcf7-validates-as-required wpcf7-text wpcf7-validates-as-email\" aria-required=\"true\" aria-invalid=\"false\" value=\"\" type=\"email\" name=\"your-email\" \/><\/span> <\/label>\n<\/p>\n<p><label> Deine Nachricht<br \/>\n<span class=\"wpcf7-form-control-wrap\" data-name=\"your-message\"><textarea cols=\"40\" rows=\"10\" maxlength=\"2000\" class=\"wpcf7-form-control wpcf7-textarea\" aria-invalid=\"false\" name=\"your-message\"><\/textarea><\/span> <\/label>\n<\/p>\n<p><span class=\"wpcf7-form-control-wrap\" data-name=\"quiz-903\"><label><span class=\"wpcf7-quiz-label\">Die Hauptstadt von Deutschland? (Sicherheitsfrage)<\/span> <input size=\"40\" class=\"wpcf7-form-control wpcf7-quiz\" autocomplete=\"off\" aria-required=\"true\" aria-invalid=\"false\" type=\"text\" name=\"quiz-903\" \/><\/label><input type=\"hidden\" name=\"_wpcf7_quiz_answer_quiz-903\" value=\"4f9986784b46d0edafd94c24ba44066e\" \/><\/span>\n<\/p>\n<p><input class=\"wpcf7-form-control wpcf7-submit has-spinner\" type=\"submit\" value=\"Senden\" \/>\n<\/p><p style=\"display: none !important;\" class=\"akismet-fields-container\" data-prefix=\"_wpcf7_ak_\"><label>&#916;<textarea name=\"_wpcf7_ak_hp_textarea\" cols=\"45\" rows=\"8\" maxlength=\"100\"><\/textarea><\/label><input type=\"hidden\" id=\"ak_js_1\" name=\"_wpcf7_ak_js\" value=\"226\"\/><script>document.getElementById( \"ak_js_1\" ).setAttribute( \"value\", ( new Date() ).getTime() );<\/script><\/p><div class=\"wpcf7-response-output\" aria-hidden=\"true\"><\/div>\n<\/form>\n<\/div>\n\t\t\t\t\t\t\t\t<\/div>\n\t\t\t\t<\/div>\n\t\t\t\t\t<\/div>\n\t\t<\/div>\n\t\t\t\t\t<\/div>\n\t\t<\/section>\n\t\t\t\t<section class=\"elementor-section elementor-top-section elementor-element elementor-element-43cc23d elementor-section-boxed elementor-section-height-default elementor-section-height-default\" data-id=\"43cc23d\" data-element_type=\"section\">\n\t\t\t\t\t\t<div class=\"elementor-container elementor-column-gap-default\">\n\t\t\t\t\t<div class=\"elementor-column elementor-col-100 elementor-top-column elementor-element elementor-element-973f3bc\" data-id=\"973f3bc\" data-element_type=\"column\" data-settings=\"{&quot;animation_mobile&quot;:&quot;fadeInUp&quot;}\">\n\t\t\t<div class=\"elementor-widget-wrap elementor-element-populated\">\n\t\t\t\t\t\t<div class=\"elementor-element elementor-element-0c2be4b elementor-widget elementor-widget-heading\" data-id=\"0c2be4b\" data-element_type=\"widget\" data-widget_type=\"heading.default\">\n\t\t\t\t<div class=\"elementor-widget-container\">\n\t\t\t\t\t<h2 class=\"elementor-heading-title elementor-size-default\">Hier findet ihr uns<\/h2>\t\t\t\t<\/div>\n\t\t\t\t<\/div>\n\t\t\t\t<div class=\"elementor-element elementor-element-dfd107d elementor-widget elementor-widget-text-editor\" data-id=\"dfd107d\" data-element_type=\"widget\" data-widget_type=\"text-editor.default\">\n\t\t\t\t<div class=\"elementor-widget-container\">\n\t\t\t\t\t\t\t\t\t<p><strong>M\u00e4rkische Stra\u00dfe 2<\/strong><br \/><strong>45279 Essen<\/strong><\/p>\t\t\t\t\t\t\t\t<\/div>\n\t\t\t\t<\/div>\n\t\t\t\t<div class=\"elementor-element elementor-element-54d3d55 elementor-widget elementor-widget-google_maps\" data-id=\"54d3d55\" data-element_type=\"widget\" data-widget_type=\"google_maps.default\">\n\t\t\t\t<div class=\"elementor-widget-container\">\n\t\t\t\t\t\t\t<div class=\"elementor-custom-embed\">\n\t\t\t<iframe loading=\"lazy\"\n\t\t\t\t\tsrc=\"https:\/\/maps.google.com\/maps?q=m%C3%A4rkische%20stra%C3%9Fe%202%2C%20essen&#038;t=m&#038;z=17&#038;output=embed&#038;iwloc=near\"\n\t\t\t\t\ttitle=\"m\u00e4rkische stra\u00dfe 2, essen\"\n\t\t\t\t\taria-label=\"m\u00e4rkische stra\u00dfe 2, essen\"\n\t\t\t><\/iframe>\n\t\t<\/div>\n\t\t\t\t\t\t<\/div>\n\t\t\t\t<\/div>\n\t\t\t\t<div class=\"elementor-element elementor-element-461f5cb elementor-widget elementor-widget-accordion\" data-id=\"461f5cb\" data-element_type=\"widget\" data-widget_type=\"accordion.default\">\n\t\t\t\t<div class=\"elementor-widget-container\">\n\t\t\t\t\t\t\t<div class=\"elementor-accordion\">\n\t\t\t\t\t\t\t<div class=\"elementor-accordion-item\">\n\t\t\t\t\t<div id=\"elementor-tab-title-7351\" class=\"elementor-tab-title\" data-tab=\"1\" role=\"button\" aria-controls=\"elementor-tab-content-7351\" aria-expanded=\"false\">\n\t\t\t\t\t\t\t\t\t\t\t\t\t<span class=\"elementor-accordion-icon elementor-accordion-icon-left\" aria-hidden=\"true\">\n\t\t\t\t\t\t\t\t\t\t\t\t\t\t\t<span class=\"elementor-accordion-icon-closed\"><i class=\"fas fa-chevron-down\"><\/i><\/span>\n\t\t\t\t\t\t\t\t<span class=\"elementor-accordion-icon-opened\"><i class=\"fas fa-minus\"><\/i><\/span>\n\t\t\t\t\t\t\t\t\t\t\t\t\t\t<\/span>\n\t\t\t\t\t\t\t\t\t\t\t\t<a class=\"elementor-accordion-title\" tabindex=\"0\">\u00dcber Uns<\/a>\n\t\t\t\t\t<\/div>\n\t\t\t\t\t<div id=\"elementor-tab-content-7351\" class=\"elementor-tab-content elementor-clearfix\" data-tab=\"1\" role=\"region\" aria-labelledby=\"elementor-tab-title-7351\"><h3 class=\"p1\"><span class=\"s1\"><b>Der\u00a0Zweck des Vereins laut unserer Satzung:<\/b><\/span><\/h3><p class=\"p1\"><span class=\"s1\">\u201eZweck \u00a0des Vereins ist es, die Jugend- und Altenhilfe sowie die Erziehung, Volks- und Berufsbildung zu f\u00f6rdern.<\/span><\/p><p class=\"p1\"><span class=\"s1\">Der Satzungszweck wird verwirklicht insbesondere durch die F\u00f6rderung der Allgemeinbildung, des informellen und des lebenslangen Lernens als Teilbereiche der Volksbildung. Dieses Ziel soll mit der Durchf\u00fchrung von strukturierten Spieleaktionen erreicht werden. Durch das Erlernen und Pflegen von Gesellschaftsspielen wird die Lebenssituation von Kindern und Jugendlichen sowie Erwachsenen und Senioren verbessert. Die Kombination aus Wissens- und Verhaltens\u00fcbermittlung in der Spielrunde wird erprobt und R\u00fcckmeldungen erfolgen aus dem Spiel selbst oder von den Mitspielern. Den Menschen werden Hilfestellungen gegeben, ihren Platz in unserer Gesellschaft als demokratische, emanzipierte, m\u00fcndige und gleichberechtigte Mitglieder wahrzunehmen. Die gegenw\u00e4rtige Gesellschaft ist gekennzeichnet durch Anonymit\u00e4t, Isolation und Konkurrenzdenken, was zu unterschiedlichen Fehlverhaltensformen f\u00fchren kann. Gesellschaftsspiele sollen Menschen \u00fcber Kommunikation, Interaktion und Kooperation in der Erziehung und Weiterbildung f\u00f6rdern. Durch das erm\u00f6glichen und erweitern von sozialen Kontakten und Aktivit\u00e4ten wird die geistige Kompetenz und Flexibilit\u00e4t auch im hohen Alter aufrecht erhalten und wirkt so aktiv den Schwierigkeiten die durch das Alter entstehen entgegen.\u201c<\/span><\/p><h3 class=\"p1\"><span class=\"s1\"><b>Aber was hei\u00dft das jetzt konkret?<\/b><\/span><\/h3><p class=\"p1\"><span class=\"s1\">In den fr\u00fchen Zweitausendern fanden sich einige von uns zusammen um ein bestimmtes Tabletop zu spielen, dies haben wir auch lange und intensiv betrieben. Zwischendurch gab es immer einmal Phasen, in denen vom Standard abgewichen wurde und die Spielorte wechselten auch. Aber trotzdem waren unsere Grenzen immer sehr eng gefasst.<\/span><\/p><p class=\"p1\"><span class=\"s1\">Mit der Zeit traten jedoch Ver\u00e4nderungen in unserer Spielgruppe ein, es gingen Leute, es kamen Leute, sie zogen weg, einer verstarb.<\/span><\/p><p class=\"p1\"><span class=\"s1\">Es wurden neue Ideen eingebracht und ausprobiert, quasi unser Spielhorizont erweitert.<\/span><\/p><p class=\"p1\"><span class=\"s1\">Wir kamen an den Punkt, an dem wir \u00fcberlegten, was unser Hobby ausmacht und wo wir hin wollten. \u00a0Dabei stellten wir fest, dass es viel Platz und Geld bedarf sich diesem Hobby zu widmen. Desweiteren wollten wir neue Leute daf\u00fcr begeistern und, da wir aus pers\u00f6nlichen Erfahrungen festgestellt haben wie wichtig die soziale Interaktion ist, den j\u00fcngsten und \u00e4ltesten unserer Angeh\u00f6rige, Freunde und der Gesellschaft erm\u00f6glichen, daran teilzunehmen.<span class=\"Apple-converted-space\">\u00a0<\/span><\/span><\/p><p class=\"p1\"><span class=\"s1\">Der n\u00e4chste logische Schritt war dann die Gr\u00fcndung dieses Vereins.<\/span><\/p><p class=\"p1\"><span class=\"s1\">Wir m\u00f6chten damit allen, die Interesse haben, erm\u00f6glichen sich an einem Ort zu treffen und einfach das zu spielen was sie m\u00f6chten, ungeachtet ihrer finanziellen, sozialen oder kulturellen M\u00f6glichkeiten.<\/span><\/p><p class=\"p1\"><span class=\"s1\">Und das ist bei weitem noch nicht alles. Schauen wir, was die Zukunft noch bringt.<\/span><\/p><\/div>\n\t\t\t\t<\/div>\n\t\t\t\t\t\t\t\t<\/div>\n\t\t\t\t\t\t<\/div>\n\t\t\t\t<\/div>\n\t\t\t\t\t<\/div>\n\t\t<\/div>\n\t\t\t\t\t<\/div>\n\t\t<\/section>\n\t\t\t\t<\/div>\n\t\t","protected":false},"excerpt":{"rendered":"<p>Dein Verein f\u00fcr Tabletop, Brettspiele &amp; Pen &amp; Paper RPGs im Ruhrgebiet. Kontakt aufnehmen! Unsere Events FRIDAY-NIGHT Freitags wird alles gespielt, worauf du Lust hast. Verabrede dich f\u00fcr eine kurze Runde Munchkin, einen epischen Dungeoncrawl bei Descent oder doch nur rumh\u00e4ngen und \u00fcber Nerdkram austauschen? Alles ist m\u00f6glich, einfach reinschauen! STAR WARS DAY Ob helle [&hellip;]<\/p>\n","protected":false},"author":1,"featured_media":0,"parent":0,"menu_order":0,"comment_status":"closed","ping_status":"closed","template":"","meta":{"footnotes":""},"class_list":["post-2588","page","type-page","status-publish","hentry","entry"],"_links":{"self":[{"href":"https:\/\/spielkunst-ev.de\/wp\/index.php?rest_route=\/wp\/v2\/pages\/2588","targetHints":{"allow":["GET"]}}],"collection":[{"href":"https:\/\/spielkunst-ev.de\/wp\/index.php?rest_route=\/wp\/v2\/pages"}],"about":[{"href":"https:\/\/spielkunst-ev.de\/wp\/index.php?rest_route=\/wp\/v2\/types\/page"}],"author":[{"embeddable":true,"href":"https:\/\/spielkunst-ev.de\/wp\/index.php?rest_route=\/wp\/v2\/users\/1"}],"replies":[{"embeddable":true,"href":"https:\/\/spielkunst-ev.de\/wp\/index.php?rest_route=%2Fwp%2Fv2%2Fcomments&post=2588"}],"version-history":[{"count":25,"href":"https:\/\/spielkunst-ev.de\/wp\/index.php?rest_route=\/wp\/v2\/pages\/2588\/revisions"}],"predecessor-version":[{"id":2628,"href":"https:\/\/spielkunst-ev.de\/wp\/index.php?rest_route=\/wp\/v2\/pages\/2588\/revisions\/2628"}],"wp:attachment":[{"href":"https:\/\/spielkunst-ev.de\/wp\/index.php?rest_route=%2Fwp%2Fv2%2Fmedia&parent=2588"}],"curies":[{"name":"wp","href":"https:\/\/api.w.org\/{rel}","templated":true}]}}